{"id":452,"date":"2024-07-11T16:02:24","date_gmt":"2024-07-11T16:02:24","guid":{"rendered":"https:\/\/specialdiscountoftheday.online\/?page_id=452"},"modified":"2024-08-01T19:45:14","modified_gmt":"2024-08-01T19:45:14","slug":"lavaslim","status":"publish","type":"page","link":"https:\/\/specialdiscountoftheday.online\/lavaslim\/","title":{"rendered":"LavaSlim"},"content":{"rendered":"\t\t<div data-elementor-type=\"wp-page\" data-elementor-id=\"452\" class=\"elementor elementor-452\">\n\t\t\t\t<div class=\"elementor-element elementor-element-109141a e-flex e-con-boxed e-con e-parent\" data-id=\"109141a\" data-element_type=\"container\" data-e-type=\"container\" data-settings=\"{&quot;background_background&quot;:&quot;gradient&quot;}\">\n\t\t\t\t\t<div class=\"e-con-inner\">\n\t\t\t\t<div class=\"elementor-element elementor-element-da935c2 elementor-widget elementor-widget-heading\" data-id=\"da935c2\" data-element_type=\"widget\" data-e-type=\"widget\" data-widget_type=\"heading.default\">\n\t\t\t\t<div class=\"elementor-widget-container\">\n\t\t\t\t\t<h2 class=\"elementor-heading-title elementor-size-default\">LavaSlim\n<\/h2>\t\t\t\t<\/div>\n\t\t\t\t<\/div>\n\t\t\t\t<div class=\"elementor-element elementor-element-2c2d2fd elementor-invisible elementor-widget elementor-widget-heading\" data-id=\"2c2d2fd\" data-element_type=\"widget\" data-e-type=\"widget\" data-settings=\"{&quot;_animation_mobile&quot;:&quot;zoomIn&quot;,&quot;_animation&quot;:&quot;zoomIn&quot;}\" data-widget_type=\"heading.default\">\n\t\t\t\t<div class=\"elementor-widget-container\">\n\t\t\t\t\t<h2 class=\"elementor-heading-title elementor-size-default\">\"Un moyen simple de perdre du poids sainement !\"<\/h2>\t\t\t\t<\/div>\n\t\t\t\t<\/div>\n\t\t\t\t<div class=\"elementor-element elementor-element-f9e33dc elementor-widget elementor-widget-image\" data-id=\"f9e33dc\" data-element_type=\"widget\" data-e-type=\"widget\" data-widget_type=\"image.default\">\n\t\t\t\t<div class=\"elementor-widget-container\">\n\t\t\t\t\t\t\t\t\t\t\t\t\t\t\t<img fetchpriority=\"high\" decoding=\"async\" width=\"300\" height=\"293\" src=\"https:\/\/i0.wp.com\/specialdiscountoftheday.online\/wp-content\/uploads\/2024\/07\/LavaSlim-FR-fr_hero-1.png?fit=300%2C293&amp;ssl=1\" class=\"attachment-medium size-medium wp-image-455\" alt=\"\" srcset=\"https:\/\/i0.wp.com\/specialdiscountoftheday.online\/wp-content\/uploads\/2024\/07\/LavaSlim-FR-fr_hero-1.png?w=637&amp;ssl=1 637w, https:\/\/i0.wp.com\/specialdiscountoftheday.online\/wp-content\/uploads\/2024\/07\/LavaSlim-FR-fr_hero-1.png?resize=300%2C293&amp;ssl=1 300w\" sizes=\"(max-width: 300px) 100vw, 300px\" \/>\t\t\t\t\t\t\t\t\t\t\t\t\t\t\t<\/div>\n\t\t\t\t<\/div>\n\t\t\t\t<div class=\"elementor-element elementor-element-842f253 elementor-widget elementor-widget-text-editor\" data-id=\"842f253\" data-element_type=\"widget\" data-e-type=\"widget\" data-widget_type=\"text-editor.default\">\n\t\t\t\t<div class=\"elementor-widget-container\">\n\t\t\t\t\t\t\t\t\t<p>Cliquez sur le bouton ci-dessous!<\/p>\t\t\t\t\t\t\t\t<\/div>\n\t\t\t\t<\/div>\n\t\t\t\t<div class=\"elementor-element elementor-element-93e946e elementor-align-center elementor-invisible elementor-widget elementor-widget-button\" data-id=\"93e946e\" data-element_type=\"widget\" data-e-type=\"widget\" data-settings=\"{&quot;_animation&quot;:&quot;fadeInUp&quot;,&quot;_animation_mobile&quot;:&quot;fadeInUp&quot;}\" data-widget_type=\"button.default\">\n\t\t\t\t<div class=\"elementor-widget-container\">\n\t\t\t\t\t\t\t\t\t<div class=\"elementor-button-wrapper\">\n\t\t\t\t\t<a class=\"elementor-button elementor-button-link elementor-size-lg elementor-animation-grow\" href=\"https:\/\/lavaslim.co\/#aff=cristianolago\" target=\"_blank\">\n\t\t\t\t\t\t<span class=\"elementor-button-content-wrapper\">\n\t\t\t\t\t\t<span class=\"elementor-button-icon\">\n\t\t\t\t<svg aria-hidden=\"true\" class=\"e-font-icon-svg e-far-arrow-alt-circle-right\" viewBox=\"0 0 512 512\" xmlns=\"http:\/\/www.w3.org\/2000\/svg\"><path d=\"M504 256C504 119 393 8 256 8S8 119 8 256s111 248 248 248 248-111 248-248zm-448 0c0-110.5 89.5-200 200-200s200 89.5 200 200-89.5 200-200 200S56 366.5 56 256zm72 20v-40c0-6.6 5.4-12 12-12h116v-67c0-10.7 12.9-16 20.5-8.5l99 99c4.7 4.7 4.7 12.3 0 17l-99 99c-7.6 7.6-20.5 2.2-20.5-8.5v-67H140c-6.6 0-12-5.4-12-12z\"><\/path><\/svg>\t\t\t<\/span>\n\t\t\t\t\t\t\t\t\t<span class=\"elementor-button-text\">Acheter maintenant<\/span>\n\t\t\t\t\t<\/span>\n\t\t\t\t\t<\/a>\n\t\t\t\t<\/div>\n\t\t\t\t\t\t\t\t<\/div>\n\t\t\t\t<\/div>\n\t\t\t\t<div class=\"elementor-element elementor-element-f14c48f elementor-widget elementor-widget-heading\" data-id=\"f14c48f\" data-element_type=\"widget\" data-e-type=\"widget\" data-widget_type=\"heading.default\">\n\t\t\t\t<div class=\"elementor-widget-container\">\n\t\t\t\t\t<h2 class=\"elementor-heading-title elementor-size-default\">Garantie 100% satisfait ou rembours\u00e9 180 jours<\/h2>\t\t\t\t<\/div>\n\t\t\t\t<\/div>\n\t\t\t\t<div class=\"elementor-element elementor-element-98cfd6c elementor-widget elementor-widget-image\" data-id=\"98cfd6c\" data-element_type=\"widget\" data-e-type=\"widget\" data-widget_type=\"image.default\">\n\t\t\t\t<div class=\"elementor-widget-container\">\n\t\t\t\t\t\t\t\t\t\t\t\t\t\t\t<img decoding=\"async\" width=\"150\" height=\"150\" src=\"https:\/\/i0.wp.com\/specialdiscountoftheday.online\/wp-content\/uploads\/2024\/07\/180daysguarantee.png?resize=150%2C150&amp;ssl=1\" class=\"attachment-thumbnail size-thumbnail wp-image-341\" alt=\"\" srcset=\"https:\/\/i0.wp.com\/specialdiscountoftheday.online\/wp-content\/uploads\/2024\/07\/180daysguarantee.png?w=600&amp;ssl=1 600w, https:\/\/i0.wp.com\/specialdiscountoftheday.online\/wp-content\/uploads\/2024\/07\/180daysguarantee.png?resize=300%2C300&amp;ssl=1 300w, https:\/\/i0.wp.com\/specialdiscountoftheday.online\/wp-content\/uploads\/2024\/07\/180daysguarantee.png?resize=150%2C150&amp;ssl=1 150w\" sizes=\"(max-width: 150px) 100vw, 150px\" \/>\t\t\t\t\t\t\t\t\t\t\t\t\t\t\t<\/div>\n\t\t\t\t<\/div>\n\t\t\t\t<div class=\"elementor-element elementor-element-d735be1 elementor-widget elementor-widget-heading\" data-id=\"d735be1\" data-element_type=\"widget\" data-e-type=\"widget\" data-widget_type=\"heading.default\">\n\t\t\t\t<div class=\"elementor-widget-container\">\n\t\t\t\t\t<h2 class=\"elementor-heading-title elementor-size-default\">Commandez maintenant 3 ou 6 bouteilles LavaSlim et mettez la main sur 2 bonus gratuits<\/h2>\t\t\t\t<\/div>\n\t\t\t\t<\/div>\n\t\t\t\t<div class=\"elementor-element elementor-element-7dc4be2 elementor-widget elementor-widget-image\" data-id=\"7dc4be2\" data-element_type=\"widget\" data-e-type=\"widget\" data-widget_type=\"image.default\">\n\t\t\t\t<div class=\"elementor-widget-container\">\n\t\t\t\t\t\t\t\t\t\t\t\t\t\t\t<img decoding=\"async\" width=\"300\" height=\"187\" src=\"https:\/\/i0.wp.com\/specialdiscountoftheday.online\/wp-content\/uploads\/2024\/07\/BG_LavaSlim-FR_Hero3.png?fit=300%2C187&amp;ssl=1\" class=\"attachment-medium size-medium wp-image-571\" alt=\"\" srcset=\"https:\/\/i0.wp.com\/specialdiscountoftheday.online\/wp-content\/uploads\/2024\/07\/BG_LavaSlim-FR_Hero3.png?w=1284&amp;ssl=1 1284w, https:\/\/i0.wp.com\/specialdiscountoftheday.online\/wp-content\/uploads\/2024\/07\/BG_LavaSlim-FR_Hero3.png?resize=300%2C187&amp;ssl=1 300w, https:\/\/i0.wp.com\/specialdiscountoftheday.online\/wp-content\/uploads\/2024\/07\/BG_LavaSlim-FR_Hero3.png?resize=1024%2C638&amp;ssl=1 1024w, https:\/\/i0.wp.com\/specialdiscountoftheday.online\/wp-content\/uploads\/2024\/07\/BG_LavaSlim-FR_Hero3.png?resize=768%2C479&amp;ssl=1 768w\" sizes=\"(max-width: 300px) 100vw, 300px\" \/>\t\t\t\t\t\t\t\t\t\t\t\t\t\t\t<\/div>\n\t\t\t\t<\/div>\n\t\t\t\t\t<\/div>\n\t\t\t\t<\/div>\n\t\t<div class=\"elementor-element elementor-element-f82dd19 e-flex e-con-boxed e-con e-parent\" data-id=\"f82dd19\" data-element_type=\"container\" data-e-type=\"container\" data-settings=\"{&quot;background_background&quot;:&quot;classic&quot;}\">\n\t\t\t\t\t<div class=\"e-con-inner\">\n\t\t<div class=\"elementor-element elementor-element-eab5cd9 e-con-full e-flex e-con e-child\" data-id=\"eab5cd9\" data-element_type=\"container\" data-e-type=\"container\" data-settings=\"{&quot;background_background&quot;:&quot;classic&quot;}\">\n\t\t<div class=\"elementor-element elementor-element-5751663 e-con-full e-flex e-con e-child\" data-id=\"5751663\" data-element_type=\"container\" data-e-type=\"container\" data-settings=\"{&quot;background_background&quot;:&quot;classic&quot;}\">\n\t\t\t\t<div class=\"elementor-element elementor-element-39b79f0 elementor-widget elementor-widget-heading\" data-id=\"39b79f0\" data-element_type=\"widget\" data-e-type=\"widget\" data-widget_type=\"heading.default\">\n\t\t\t\t<div class=\"elementor-widget-container\">\n\t\t\t\t\t<h2 class=\"elementor-heading-title elementor-size-default\">LavaSlim 2023 | Tous droits r\u00e9serv\u00e9s<\/h2>\t\t\t\t<\/div>\n\t\t\t\t<\/div>\n\t\t<div class=\"elementor-element elementor-element-76a0fa3 e-con-full e-flex e-con e-child\" data-id=\"76a0fa3\" data-element_type=\"container\" data-e-type=\"container\">\n\t\t\t\t<div class=\"elementor-element elementor-element-67af285 elementor-widget elementor-widget-heading\" data-id=\"67af285\" data-element_type=\"widget\" data-e-type=\"widget\" data-widget_type=\"heading.default\">\n\t\t\t\t<div class=\"elementor-widget-container\">\n\t\t\t\t\t<h2 class=\"elementor-heading-title elementor-size-default\"><a href=\"https:\/\/lavaslim.co\/confidentialite\/?aff=cristianolago\" target=\"_blank\">politique de confidentialit\u00e9 |<\/a><\/h2>\t\t\t\t<\/div>\n\t\t\t\t<\/div>\n\t\t\t\t<div class=\"elementor-element elementor-element-532a9e8 elementor-widget elementor-widget-heading\" data-id=\"532a9e8\" data-element_type=\"widget\" data-e-type=\"widget\" data-widget_type=\"heading.default\">\n\t\t\t\t<div class=\"elementor-widget-container\">\n\t\t\t\t\t<h2 class=\"elementor-heading-title elementor-size-default\"><a href=\"https:\/\/lavaslim.co\/conditions\/?aff=cristianolago\" target=\"_blank\">termes et conditions<\/a><\/h2>\t\t\t\t<\/div>\n\t\t\t\t<\/div>\n\t\t\t\t<div class=\"elementor-element elementor-element-bbf4f11 elementor-widget elementor-widget-heading\" data-id=\"bbf4f11\" data-element_type=\"widget\" data-e-type=\"widget\" data-widget_type=\"heading.default\">\n\t\t\t\t<div class=\"elementor-widget-container\">\n\t\t\t\t\t<h2 class=\"elementor-heading-title elementor-size-default\"><a href=\"https:\/\/lavaslim.co\/expedition\/?aff=cristianolago\" target=\"_blank\">|politique d'exp\u00e9dition<\/a><\/h2>\t\t\t\t<\/div>\n\t\t\t\t<\/div>\n\t\t\t\t<\/div>\n\t\t\t\t<div class=\"elementor-element elementor-element-8cba6ac elementor-widget elementor-widget-heading\" data-id=\"8cba6ac\" data-element_type=\"widget\" data-e-type=\"widget\" data-widget_type=\"heading.default\">\n\t\t\t\t<div class=\"elementor-widget-container\">\n\t\t\t\t\t<h2 class=\"elementor-heading-title elementor-size-default\">Les produits ne sont pas destin\u00e9s \u00e0 diagnostiquer, traiter, gu\u00e9rir ou pr\u00e9venir une quelconque maladie. Si vous \u00eates enceinte, allaitez, prenez des m\u00e9dicaments ou souffrez d'un probl\u00e8me de sant\u00e9, veuillez consulter votre m\u00e9decin avant d'utiliser nos produits.<br><br>\n Le contenu de ce site est uniquement \u00e0 des fins d'information et n'est pas destin\u00e9 \u00e0 remplacer un avis m\u00e9dical professionnel, un diagnostic ou un traitement. Demandez toujours l\u2019avis de votre m\u00e9decin ou d\u2019un autre professionnel de la sant\u00e9 qualifi\u00e9 concernant un probl\u00e8me de sant\u00e9, un probl\u00e8me de sant\u00e9 suspect\u00e9 et avant de commencer un r\u00e9gime, un programme d\u2019exercice ou de suppl\u00e9mentation ou avant de prendre ou d\u2019arr\u00eater un m\u00e9dicament. et autres apparaissant sur le site sont \u00e0 vos propres risques.<br><br>Le contenu du site Web et le produit \u00e0 vendre sont bas\u00e9s sur l'opinion de l'auteur et sont fournis uniquement \u00ab EN L'\u00c9TAT \u00bb et \u00ab TELS QUE DISPONIBLES \u00bb. \" base. Vous devez effectuer vos propres recherches et confirmer les informations aupr\u00e8s d'autres sources lorsque vous recherchez des informations sur des probl\u00e8mes de sant\u00e9, et toujours examiner attentivement les informations avec votre professionnel de la sant\u00e9 avant d'utiliser l'un des protocoles pr\u00e9sent\u00e9s sur ce site et\/ou dans le produit vendu ici. Ni DigiStore24 ni l'auteur ne s'engagent \u00e0 fournir des conseils ou services m\u00e9dicaux ou professionnels similaires via ce site Web ou le produit, et les informations fournies ne sont pas destin\u00e9es \u00e0 remplacer les conseils m\u00e9dicaux offerts par un m\u00e9decin ou un autre professionnel de la sant\u00e9 agr\u00e9\u00e9. Vous ne devez pas interpr\u00e9ter la vente de ce produit par DigiStore24 comme une approbation par DigiStore24 des opinions exprim\u00e9es ici, ou comme une garantie ou une garantie de toute strat\u00e9gie, recommandation, traitement, action ou application de conseils formul\u00e9s par l'auteur du produit.<\/h2>\t\t\t\t<\/div>\n\t\t\t\t<\/div>\n\t\t\t\t<\/div>\n\t\t\t\t<\/div>\n\t\t\t\t\t<\/div>\n\t\t\t\t<\/div>\n\t\t\t\t<\/div>\n\t\t","protected":false},"excerpt":{"rendered":"<p>LavaSlim &#8220;Un moyen simple de perdre du poids sainement !&#8221; Cliquez sur le bouton ci-dessous! Acheter maintenant Garantie 100% satisfait ou rembours\u00e9 180 jours Commandez maintenant 3 ou 6 bouteilles LavaSlim et mettez la main sur 2 bonus gratuits LavaSlim 2023 | Tous droits r\u00e9serv\u00e9s politique de confidentialit\u00e9 | termes et conditions |politique d&#8217;exp\u00e9dition Les [&hellip;]<\/p>\n","protected":false},"author":1,"featured_media":0,"parent":0,"menu_order":0,"comment_status":"closed","ping_status":"closed","template":"elementor_canvas","meta":{"nf_dc_page":"","footnotes":""},"class_list":["post-452","page","type-page","status-publish","hentry"],"jetpack_sharing_enabled":true,"_links":{"self":[{"href":"https:\/\/specialdiscountoftheday.online\/lavaslim\/wp-json\/wp\/v2\/pages\/452","targetHints":{"allow":["GET"]}}],"collection":[{"href":"https:\/\/specialdiscountoftheday.online\/lavaslim\/wp-json\/wp\/v2\/pages"}],"about":[{"href":"https:\/\/specialdiscountoftheday.online\/lavaslim\/wp-json\/wp\/v2\/types\/page"}],"author":[{"embeddable":true,"href":"https:\/\/specialdiscountoftheday.online\/lavaslim\/wp-json\/wp\/v2\/users\/1"}],"replies":[{"embeddable":true,"href":"https:\/\/specialdiscountoftheday.online\/lavaslim\/wp-json\/wp\/v2\/comments?post=452"}],"version-history":[{"count":5,"href":"https:\/\/specialdiscountoftheday.online\/lavaslim\/wp-json\/wp\/v2\/pages\/452\/revisions"}],"predecessor-version":[{"id":656,"href":"https:\/\/specialdiscountoftheday.online\/lavaslim\/wp-json\/wp\/v2\/pages\/452\/revisions\/656"}],"wp:attachment":[{"href":"https:\/\/specialdiscountoftheday.online\/lavaslim\/wp-json\/wp\/v2\/media?parent=452"}],"curies":[{"name":"wp","href":"https:\/\/api.w.org\/{rel}","templated":true}]}}